{"id":19063,"date":"2020-12-30T21:11:48","date_gmt":"2020-12-30T21:11:48","guid":{"rendered":"https:\/\/100maneiras.com\/?page_id=19063"},"modified":"2020-12-31T10:24:52","modified_gmt":"2020-12-31T10:24:52","slug":"long-live-the-cod","status":"publish","type":"page","link":"https:\/\/100maneiras.com\/en\/long-live-the-cod\/","title":{"rendered":"Long Live The Cod"},"content":{"rendered":"<div class=\"wpb-content-wrapper\"><p>[vc_row][vc_column width=&#8221;1\/4&#8243; css=&#8221;.vc_custom_1488735729909{margin-right: 40px !important;padding-bottom: 20px !important;}&#8221; el_class=&#8221;artista-our-store-line&#8221;][zo_heading class=&#8221;artista-dots-right&#8221; text=&#8221;Long Live The Cod&#8221; zo_template=&#8221;zo_heading.php&#8221; font_size=&#8221;40&#8243; line_height=&#8221;40&#8243;][vc_column_text el_class=&#8221;p-legendasVideos&#8221;]<em><strong>Original Idea:<\/strong><\/em> M\u00f3nica Franco<br \/>\n<strong><em>Production:<\/em><\/strong> Slow Studio<br \/>\n<em><strong>Producer:<\/strong><\/em> Joana Martinho<br \/>\n<em><strong>Director:<\/strong><\/em> Nuno Correia<br \/>\n<em><strong>Photography:<\/strong><\/em> Nuno Correia<br \/>\n<em><strong>Edit:<\/strong><\/em> Pedro Fonseca<br \/>\n<strong><em>Original Soundtrack:<\/em><\/strong> The Legendary Tigerman \/ Sony Music<br \/>\n<em><strong>Camara:<\/strong><\/em> Pedro Fonseca<br \/>\n<em><strong>Camara Assistant:<\/strong><\/em> Nuno Fazenda (Focus puller), Jo\u00e3o Varela e Bruno F\u00e9lix<br \/>\n<em><strong>Bolt cinebot Operator (Motion control):<\/strong><\/em> Bruno F\u00e9lix e Jo\u00e3o Varela.<br \/>\n<em><strong>Starring:<\/strong><\/em> Ljubomir Stanisic, Nelson Santos, M\u00f3nica Franco, Joana Moreira, Paulo Furtado, \u00cdris Cayatte, M\u00e1rcia Cardoso, Manuel Maldonado, Miguel Santos, Rosa Stanisic, Catarina Worm, Maria Casanova, Guilherme Mollering, Ricardo Coelho, Jo\u00e3o Grenhas, Salar Kayhan, Luis Ortiz, Catarina Rocha, In\u00eas Matos, Tiago Bar\u00e3o.[\/vc_column_text][vc_empty_space height=&#8221;20px&#8221;][\/vc_column][vc_column width=&#8221;3\/4&#8243; css=&#8221;.vc_custom_1488728873989{margin-left: 40px !important;}&#8221;][vc_video link=&#8221;https:\/\/youtu.be\/4Y9yRh6pV9w&#8221; align=&#8221;center&#8221;][\/vc_column][\/vc_row][vc_row row_margin=&#8221;zo-vc-row-margin-01&#8243;][vc_column][zo_heading text=&#8221;On-the-move&#8221; element=&#8221;h3&#8243; align=&#8221;center&#8221; font_size=&#8221;38&#8243; line_height=&#8221;38&#8243; zo_template=&#8221;zo_heading.php&#8221;][vc_empty_space height=&#8221;20px&#8221;][zo_masonry col_xs=&#8221;1&#8243; col_sm=&#8221;2&#8243; col_md=&#8221;3&#8243; col_lg=&#8221;3&#8243; filter=&#8221;0&#8243; margin=&#8221;10&#8243; ratio=&#8221;0.6&#8243; zo_title_size=&#8221;h4&#8243; source=&#8221;size:100|order_by:date|post_type:page|tax_query:88&#8243; zo_template=&#8221;zo_masonry&#8211;portfolio.php&#8221;][\/vc_column][\/vc_row]<\/p>\n<\/div>","protected":false},"excerpt":{"rendered":"<p>[vc_row][vc_column width=&#8221;1\/4&#8243; css=&#8221;.vc_custom_1488735729909{margin-right: 40px !important;padding-bottom: 20px !important;}&#8221; el_class=&#8221;artista-our-store-line&#8221;][zo_heading class=&#8221;artista-dots-right&#8221; text=&#8221;Long Live The Cod&#8221; zo_template=&#8221;zo_heading.php&#8221; font_size=&#8221;40&#8243; line_height=&#8221;40&#8243;][vc_column_text el_class=&#8221;p-legendasVideos&#8221;]Original Idea: M\u00f3nica Franco Production: Slow Studio Producer: Joana Martinho Director: Nuno Correia Photography:&#8230;<\/p>\n","protected":false},"author":6,"featured_media":19061,"parent":0,"menu_order":0,"comment_status":"closed","ping_status":"closed","template":"","meta":{"footnotes":""},"class_list":["post-19063","page","type-page","status-publish","has-post-thumbnail","hentry","video-100maneiras"],"_links":{"self":[{"href":"https:\/\/100maneiras.com\/en\/wp-json\/wp\/v2\/pages\/19063","targetHints":{"allow":["GET"]}}],"collection":[{"href":"https:\/\/100maneiras.com\/en\/wp-json\/wp\/v2\/pages"}],"about":[{"href":"https:\/\/100maneiras.com\/en\/wp-json\/wp\/v2\/types\/page"}],"author":[{"embeddable":true,"href":"https:\/\/100maneiras.com\/en\/wp-json\/wp\/v2\/users\/6"}],"replies":[{"embeddable":true,"href":"https:\/\/100maneiras.com\/en\/wp-json\/wp\/v2\/comments?post=19063"}],"version-history":[{"count":4,"href":"https:\/\/100maneiras.com\/en\/wp-json\/wp\/v2\/pages\/19063\/revisions"}],"predecessor-version":[{"id":19076,"href":"https:\/\/100maneiras.com\/en\/wp-json\/wp\/v2\/pages\/19063\/revisions\/19076"}],"wp:featuredmedia":[{"embeddable":true,"href":"https:\/\/100maneiras.com\/en\/wp-json\/wp\/v2\/media\/19061"}],"wp:attachment":[{"href":"https:\/\/100maneiras.com\/en\/wp-json\/wp\/v2\/media?parent=19063"}],"curies":[{"name":"wp","href":"https:\/\/api.w.org\/{rel}","templated":true}]}}